{"id":4056,"date":"2022-07-19T15:38:43","date_gmt":"2022-07-19T13:38:43","guid":{"rendered":"https:\/\/geo-bodenradar.de\/root-radar\/"},"modified":"2026-03-18T16:44:22","modified_gmt":"2026-03-18T15:44:22","slug":"root-radar","status":"publish","type":"page","link":"https:\/\/geo-bodenradar.de\/en\/root-radar\/","title":{"rendered":"Root radar"},"content":{"rendered":"\n<figure itemscope itemtype=\"https:\/\/schema.org\/ImageObject\">\n\t\t\t\t<img decoding=\"async\" src=\"https:\/\/geo-bodenradar.de\/wp-content\/uploads\/2020\/11\/orange-line-skewed.svg\" alt=\"Orange Line Skewed\" height=\"100\" width=\"100\" title=\"Orange Line Skewed\" onerror=\"this.style.display='none'\" loading=\"lazy\" \/>\n\t<\/figure>\n<h1>\n\t\t\tWurzelschutz und Baumschutz auf Baustellen\t<\/h1>\n\t<p>Die Ortung von Starkwurzeln im Bau- und Rammbereich ist mit VSV Boden- und Wurzelradarger\u00e4ten durchf\u00fchrbar.<\/p>\n<figure itemscope itemtype=\"https:\/\/schema.org\/ImageObject\">\n\t\t\t\t<img decoding=\"async\" src=\"https:\/\/geo-bodenradar.de\/wp-content\/uploads\/2020\/11\/orange-line-skewed.svg\" alt=\"Orange Line Skewed\" height=\"100\" width=\"100\" title=\"Orange Line Skewed\" onerror=\"this.style.display='none'\" loading=\"lazy\" \/>\n\t<\/figure>\n\t<p><b>Baumschutz ist Klimaschutz und rettet Leben<\/b><\/p>\n\t\t\t<a href=\"https:\/\/geo-bodenradar.de\/kontakt\/#kontaktaufnahme\"  target=\"_self\">\n\t\t\t\t\t\t Kostenlose Beratung\n\t\t\t\t\t<\/a>\n\t\t\t<a href=\"tel:+49260294700\"  target=\"_self\">\n\t\t\t\t\t\t+49 (0) 2602 9470 0\n\t\t\t\t\t<\/a>\n\t<p>Wurzelschutz und Baumschutz sind wesentliche Bestandteile der Umweltplanung auf Baustellen. Sie tragen dazu bei, bestehende B\u00e4ume und das umliegende \u00d6kosystem w\u00e4hrend einer Bauma\u00dfnahme zu erhalten und zu sch\u00fctzen. Mithilfe moderner Technologien wie dem Bodenradar bzw. Bodenscanner k\u00f6nnen die genauen Ausbreitungen von gr\u00f6\u00dferen Wurzelsystemen ermittelt werden. Unsere Ortungsger\u00e4te erm\u00f6glichen eine pr\u00e4zise Erfassung des Untergrunds und tragen so dazu bei, m\u00f6gliche Sch\u00e4den an den Wurzeln durch Bauarbeiten zu minimieren.<\/p>\n<h2>Vorgeschriebener Baumschutz auf Baustellen<\/h2>\n<p>Gem\u00e4\u00df DIN 18920 f\u00fcr Baumschutz m\u00fcssen geeignete Schutzma\u00dfnahmen getroffen werden, um auf Baustellen Sch\u00e4den an B\u00e4umen zu vermeiden. Insbesondere ein Wurzelschutzvorhang spielt hierbei eine entscheidende Rolle, indem er den Baum und sein Wurzelsystem vor Ersch\u00fctterungen und mechanischen Sch\u00e4den sch\u00fctzt.<\/p>\n<p>Es ist zu beachten, dass der Wurzelschutz f\u00fcr B\u00e4ume nicht nur den Baum selbst sch\u00fctzt, sondern auch zur Erhaltung des gesamten \u00d6kosystems beitr\u00e4gt. Daher ist ein umfassender Baumschutz im Wurzelbereich auf Baustellen nicht nur eine gesetzliche Vorgabe, sondern auch ein Teil unserer Verantwortung gegen\u00fcber unserer Umwelt.<\/p>\n<h2>Positionsgenauer Wurzelschutz mit Hilfe unseres Bodenradars<\/h2>\n<p>Eine exakte Wurzelortung ist sowohl mit dem BS-900 als auch mit dem GS-8000 im Bereich von Stra\u00dfenr\u00e4ndern, Feldbebauungen, Alleen und weiteren Bauprojekten in der N\u00e4he von B\u00e4umen m\u00f6glich.<\/p>\n<p>Die Erfassung und Auswertung erfolgt \u00fcber den Linien-, Fl\u00e4chen- und Gridscan mit Vorort- Analyse und GPS Standorterfassung. Die Objekte k\u00f6nnen vor Ort angezeichnet werden und die Auswertungen mittels g\u00e4ngiger Dateiformate (z.B. DXF\/KML\/DWG) \u00fcbermittelt werden.<\/p>\n<p>Durch den schnellen Aufbau und Einsatz der Ger\u00e4te ist eine non-invasive Auffindung von Wurzeln und Objekten in bis zu 10 m Tiefe und 1 cm Durchmesser m\u00f6glich. Dies schont die Umwelt und vermeidet kostenintensive Baustopps oder Grabungsverfahren.<\/p>\n\t\t\t<a href=\"https:\/\/geo-bodenradar.de\/kontakt\/\"  target=\"_self\">\n\t\t\t\t\t\t Kostenlose Beratung\n\t\t\t\t\t<\/a>\n\t\t\t<a href=\"tel:+49260294700\"  target=\"_self\">\n\t\t\t\t\t\t+49 2602 9470 0\n\t\t\t\t\t<\/a>\n\t<p>Sehen Sie in unserem Video, wie das Bodenradar funktioniert und in welchen Bereichen es hilfreiche Dienste leistet.<\/p>\n\t<meta itemprop=\"name\" content=\"Boden- &amp; Wurzelradar | Versorgungsleitungen | Altlasten aufsp\u00fcren\" \/><meta itemprop=\"description\" content=\"Noch immer m\u00fcssen wir uns bei Neu-Schachtungen oder bei allgemein geplanten Erdarbeiten mit unvorhergesehenen Altlasten besch\u00e4ftigen. Ihr Vorteil: Kl\u00e4rung im Vorfeld (vor Baubeginn) ob sich Altlasten im Boden befinden k\u00f6nnten, bessere Planung der Erdarbeiten und somit das Verhindern von Baustopps.  Das immer gr\u00f6\u00dfer werdende Verkehrsaufkommen stellt uns ebenfalls vor neue Herausforderungen, wie dem Schutz der B\u00e4ume durch Verkehrsunf\u00e4lle und zugleich der Verringerung von t\u00f6dlichen Ausg\u00e4ngen. Ihr Vorteil: Keine Verletzungen von Baumwurzeln, welche beim Nachr\u00fcsten von BOS-Fahrzeugr\u00fcckhaltesysteme, durch das unbekannte Rammen der Pfosten am Fahrbahnrand entstehen k\u00f6nnten.  Die meist zur Verf\u00fcgung gestellten Leitungspl\u00e4ne stimmen oftmals nicht mit der Realit\u00e4t \u00fcberein oder sind veraltet. Ihr Vorteil: detaillierte Erfassung der tats\u00e4chlich vorhandenen Kabel- und Versorgungsleitungen\" \/><meta itemprop=\"uploadDate\" content=\"2023-08-01T10:00+01:00\" \/><meta itemprop=\"thumbnailUrl\" content=\"https:\/\/geo-bodenradar.de\/wp-content\/uploads\/2023\/07\/geo-bodenradar-videoposter-800x450.jpg\" \/><meta itemprop=\"contentUrl\" content=\"https:\/\/www.youtube.com\/watch?v=ENYKfOPtw4w\" \/><meta itemprop=\"embedUrl\" content=\"https:\/\/www.youtube.com\/watch?v=ENYKfOPtw4w\" \/>\t\n\t<iframe hcb-fetch-image-from=\"https:\/\/www.youtube.com\/watch?v=ENYKfOPtw4w\" allowfullscreen allow=\"autoplay\" data-src=\"https:\/\/www.youtube-nocookie.com\/embed\/ENYKfOPtw4w?feature=oembed&amp;start&amp;end&amp;wmode=opaque&amp;loop=0&amp;controls=1&amp;mute=0&amp;rel=0&amp;modestbranding=1\" title=\"Ortung von Versorgungsleitungen und Altlasten\"><\/iframe>\t\t\n\t\t\t\t\tPlay Video\n\tDie Verbindung zu YouTube ist blockiert worden. Durch einen Klick auf den Play-Button heben Sie diese Blockierung auf und akzeptieren die Datenschutzbestimmungen von YouTube.<br \/>\n<a href=\"https:\/\/policies.google.com\/privacy?hl=de&amp;gl=de\" target=\"_blank\" rel=\"noopener\">Mehr Informationen zum Datenschutz von YouTube finden Sie hier<\/a>\n\t\t\t\t<a\n\t\t\thref=\"https:\/\/geo-bodenradar.de\/wp-content\/uploads\/2023\/06\/Wurzelortung.jpg\"\n\t\t\t\t\t\tdata-fancybox=\"images\" \n\t\t\ttitle=\"wurzelortung\" \n\t\t\t\t\t\tdata-caption=\"\"\n\t\t\t\t\t\tdata-description=\"\" \n\t\t\titemprop=\"contentUrl\" data-lbwps-width=\"1199.40029985\" data-lbwps-height=\"800\" data-lbwps-srcsmall=\"https:\/\/geo-bodenradar.de\/wp-content\/uploads\/2023\/06\/Wurzelortung-800x534.jpg\">\n\t\t\t<img loading=\"lazy\" decoding=\"async\" src=\"https:\/\/geo-bodenradar.de\/wp-content\/uploads\/2023\/06\/Wurzelortung-400x400.jpg\" alt=\"wurzelortung\" data-no-lazy=\"1\" itemprop=\"thumbnail\" width=\"400\" height=\"400\" \/>\n\t\t\t<!-- Overlay Wrapper -->\n\t\t\t <!-- Overlay Wrapper Closed -->\n\t\t\t\t<\/a>\n\t\t\t\t\t\t\t<meta itemprop=\"width\" content=\"400\" \/>\n\t\t\t<meta itemprop=\"height\" content=\"400\" \/>\n\t\t\t\t<a\n\t\t\thref=\"https:\/\/geo-bodenradar.de\/wp-content\/uploads\/2023\/06\/Baumscan-Fahrradweg.jpg\"\n\t\t\t\t\t\tdata-fancybox=\"images\" \n\t\t\ttitle=\"baumscan fahrradweg\" \n\t\t\t\t\t\tdata-caption=\"\"\n\t\t\t\t\t\tdata-description=\"\" \n\t\t\titemprop=\"contentUrl\" data-lbwps-width=\"1199.40029985\" data-lbwps-height=\"800\" data-lbwps-srcsmall=\"https:\/\/geo-bodenradar.de\/wp-content\/uploads\/2023\/06\/Baumscan-Fahrradweg-800x534.jpg\">\n\t\t\t<img loading=\"lazy\" decoding=\"async\" src=\"https:\/\/geo-bodenradar.de\/wp-content\/uploads\/2023\/06\/Baumscan-Fahrradweg-400x400.jpg\" alt=\"baumscan fahrradweg\" data-no-lazy=\"1\" itemprop=\"thumbnail\" width=\"400\" height=\"400\" \/>\n\t\t\t<!-- Overlay Wrapper -->\n\t\t\t <!-- Overlay Wrapper Closed -->\n\t\t\t\t<\/a>\n\t\t\t\t\t\t\t<meta itemprop=\"width\" content=\"400\" \/>\n\t\t\t<meta itemprop=\"height\" content=\"400\" \/>\n\t\t\t\t<a\n\t\t\thref=\"https:\/\/geo-bodenradar.de\/wp-content\/uploads\/2023\/06\/Absaugung-Wurzelortung.jpg\"\n\t\t\t\t\t\tdata-fancybox=\"images\" \n\t\t\ttitle=\"absaugung wurzelortung\" \n\t\t\t\t\t\tdata-caption=\"Absaugung Wurzelortung\"\n\t\t\t\t\t\tdata-description=\"\" \n\t\t\titemprop=\"contentUrl\" data-lbwps-width=\"1200.30007502\" data-lbwps-height=\"800\" data-lbwps-srcsmall=\"https:\/\/geo-bodenradar.de\/wp-content\/uploads\/2023\/06\/Absaugung-Wurzelortung-800x533.jpg\">\n\t\t\t<img loading=\"lazy\" decoding=\"async\" src=\"https:\/\/geo-bodenradar.de\/wp-content\/uploads\/2023\/06\/Absaugung-Wurzelortung-400x400.jpg\" alt=\"Absaugung Wurzelortung\" data-no-lazy=\"1\" itemprop=\"thumbnail\" width=\"400\" height=\"400\" \/>\n\t\t\t<!-- Overlay Wrapper -->\n\t\t\t <!-- Overlay Wrapper Closed -->\n\t\t\t\t<\/a>\n\t\t\t\t\t\t\t<meta itemprop=\"width\" content=\"400\" \/>\n\t\t\t<meta itemprop=\"height\" content=\"400\" \/>\n\t<h2>\n\t\t\tWir arbeiten mit starken Partnern\t<\/h2>\n<figure itemscope itemtype=\"https:\/\/schema.org\/ImageObject\">\n\t\t\t\t<a href=\"https:\/\/www.benno-baumschutz.de\/wurzelvorhangelement\"  target=\"_self\" itemprop=\"url\">\n\t\t\t\t<img decoding=\"async\" src=\"https:\/\/geo-bodenradar.de\/wp-content\/uploads\/2024\/03\/logo_color_700.jpg\" alt=\"logo color 700\" height=\"319\" width=\"700\" title=\"logo color 700\" onerror=\"this.style.display='none'\" loading=\"lazy\" \/>\n\t\t\t\t<\/a>\n\t<\/figure>\n\t<p>Fertige Wurzelvorhang-Elemente von Benno Baumschutz. Schnelle Montage, effizienter Wurzelschutz, nachhaltig, \u00f6kologisch, zu 100% biologisch abbaubar.<\/p>\n<figure itemscope itemtype=\"https:\/\/schema.org\/ImageObject\">\n\t\t\t\t<img decoding=\"async\" src=\"https:\/\/geo-bodenradar.de\/wp-content\/uploads\/2020\/11\/orange-line-skewed.svg\" alt=\"Orange Line Skewed\" height=\"100\" width=\"100\" title=\"Orange Line Skewed\" onerror=\"this.style.display='none'\" loading=\"lazy\" \/>\n\t<\/figure>\n<h2>\n\t\t\tBrosch\u00fcre herunterladen\t<\/h2>\n\t<p>Laden Sie unsere Brosch\u00fcre zum Boden- und Wurzelradar im PDF-Format herunter.<\/p>\n\t\t\t<a href=\"https:\/\/geo-bodenradar.de\/wp-content\/uploads\/2024\/11\/vsv-broschuere-geo-bodenradar-2024-online.pdf\"  target=\"_self\"  download>\n\t\t\t\t\t\t\tBrosch\u00fcre herunterladen\n\t\t\t<\/a>\n<figure itemscope itemtype=\"https:\/\/schema.org\/ImageObject\">\n\t\t\t\t<a href=\"https:\/\/geo-bodenradar.de\/wp-content\/uploads\/2024\/07\/vsv-broschuere-geo-bodenradar.pdf\"  target=\"_blank\" rel=\"noopener\"  itemprop=\"url\">\n\t\t\t\t<img decoding=\"async\" src=\"https:\/\/geo-bodenradar.de\/wp-content\/uploads\/2024\/11\/vsv-broschueren-download_26-11-2024.png\" alt=\"vsv brosch\u00fcren download 26 11 2024\" height=\"1016\" width=\"1000\" title=\"vsv brosch\u00fcren download 26 11 2024\" onerror=\"this.style.display='none'\" loading=\"lazy\" \/>\n\t\t\t\t<\/a>\n\t<\/figure>\n<figure itemscope itemtype=\"https:\/\/schema.org\/ImageObject\">\n\t\t\t\t<img decoding=\"async\" src=\"https:\/\/geo-bodenradar.de\/wp-content\/uploads\/2020\/11\/orange-line-skewed.svg\" alt=\"Orange Line Skewed\" height=\"100\" width=\"100\" title=\"Orange Line Skewed\" onerror=\"this.style.display='none'\" loading=\"lazy\" \/>\n\t<\/figure>\n<h2>\n\t\t\tDie 6 Schritte des Messverfahrens\t<\/h2>\n\t\t\t<a href=\"https:\/\/geo-bodenradar.de\/faq\/#geo-faq-2\" target=\"_self\">\n\t\t\t\t\t\t<h4>Erfassung<\/h4>\t\t\t\t\t\n\t\t\t<p>des Standortes mittels GPS-Daten<\/p>\t\t\n\t\t<\/a>\n\t\t\t<a href=\"https:\/\/geo-bodenradar.de\/faq\/#geo-faq-3\" target=\"_self\">\n\t\t\t\t\t\t<h4>Messen<\/h4>\t\t\t\t\t\n\t\t\t<p>des Scanbereiches<\/p>\t\t\n\t\t<\/a>\n\t\t\t<a href=\"https:\/\/geo-bodenradar.de\/faq\/#geo-faq-4\" target=\"_self\">\n\t\t\t\t\t\t<h4>Auswertung<\/h4>\t\t\t\t\t\n\t\t\t<p>mittels spezieller Software<\/p>\t\t\n\t\t<\/a>\n\t\t\t<a href=\"https:\/\/geo-bodenradar.de\/faq\/#geo-faq-5\" target=\"_self\">\n\t\t\t\t\t\t<h4>Dateiformate und Pl\u00e4ne<\/h4>\t\t\t\t\t\n\t\t\t<p>Erstellung von Lagepl\u00e4nen<\/p>\t\t\n\t\t<\/a>\n\t\t\t<a href=\"https:\/\/geo-bodenradar.de\/faq\/#geo-faq-6\" target=\"_self\">\n\t\t\t\t\t\t<h4>Dokumentation<\/h4>\t\t\t\t\t\n\t\t\t<p>in Dateiform<\/p>\t\t\n\t\t<\/a>\n\t\t\t<a href=\"https:\/\/geo-bodenradar.de\/faq\/#geo-faq-7\" target=\"_self\">\n\t\t\t\t\t\t<h4>Verkehrssicherung<\/h4>\t\t\t\t\t\n\t\t\t<p>kann optional mit angeboten werden<\/p>\t\t\n\t\t<\/a>\n<figure itemscope itemtype=\"https:\/\/schema.org\/ImageObject\">\n\t\t\t\t<img decoding=\"async\" src=\"https:\/\/geo-bodenradar.de\/wp-content\/uploads\/2020\/11\/orange-line-skewed.svg\" alt=\"Orange Line Skewed\" height=\"100\" width=\"100\" title=\"Orange Line Skewed\" onerror=\"this.style.display='none'\" loading=\"lazy\" \/>\n\t<\/figure>\n<h2>\n\t\t\tFragen Sie die Experten\t<\/h2>\n\t<p>Sprechen Sie uns an &#8211; wir beraten Sie gerne<\/p>\n\t<p>Ben\u00f6tigen Sie kompetente Unterst\u00fctzung bei der Ausf\u00fchrung von Baumschutz auf einer Baustelle? Unsere Experten zeigen Ihnen den genauen Wurzelbereich von Bestandsb\u00e4umen und erm\u00f6glichen Ihnen so den vorgeschriebenen Wurzelschutz zu ber\u00fccksichtigen. Kontaktieren Sie uns!<\/p>\n\t\t\t<a href=\"https:\/\/geo-bodenradar.de\/kontakt\/\"  target=\"_self\">\n\t\t\t\t\t\t\tJetzt anfragen\n\t\t\t<\/a>\n<figure itemscope itemtype=\"https:\/\/schema.org\/ImageObject\">\n\t\t\t\t<img decoding=\"async\" src=\"https:\/\/geo-bodenradar.de\/wp-content\/uploads\/2023\/08\/herr-ahnert-vsv.png\" alt=\"herr ahnert vsv\" height=\"390\" width=\"397\" title=\"herr ahnert vsv\" onerror=\"this.style.display='none'\" loading=\"lazy\" \/>\n\t<\/figure>\n<h3>\n\t\t\tChristopher Ahnert\t<\/h3>\n<figure itemscope itemtype=\"https:\/\/schema.org\/ImageObject\">\n\t\t\t\t<img decoding=\"async\" src=\"https:\/\/geo-bodenradar.de\/wp-content\/uploads\/2024\/04\/torben-kunz-vsv.png\" alt=\"torben kunz vsv\" height=\"390\" width=\"390\" title=\"torben kunz vsv\" onerror=\"this.style.display='none'\" loading=\"lazy\" \/>\n\t<\/figure>\n<h3>\n\t\t\tTorben Kunz\t<\/h3>\n<figure itemscope itemtype=\"https:\/\/schema.org\/ImageObject\">\n\t\t\t\t<img decoding=\"async\" src=\"https:\/\/geo-bodenradar.de\/wp-content\/uploads\/2020\/11\/orange-line-skewed.svg\" alt=\"Orange Line Skewed\" height=\"100\" width=\"100\" title=\"Orange Line Skewed\" onerror=\"this.style.display='none'\" loading=\"lazy\" \/>\n\t<\/figure>\n<h2>\n\t\t\t\u00dcber uns\t<\/h2>\n\t<p>Lernen Sie uns kennen und erfahren Sie mehr \u00fcber unser Leistungsportfolio und was wir f\u00fcr Sie tun k\u00f6nnen.<\/p>\n\t\t\t<a href=\"\/ueber-vsv-volkmann-strassen-verkehrstechnik\/\"  target=\"_self\">\n\t\t\t\t\t\t\tMehr erfahren\n\t\t\t<\/a>\n\tVolkmann Strassen-<br \/>\nund Verkehrstechnik GmbH\nHohe Stra\u00dfe 9-17<br \/>\n56410 Montabaur\n\t\t\t<a href=\"https:\/\/goo.gl\/maps\/G1EMjxFCYJ6oTJqPA\"  target=\"_blank\" rel=\"noopener nofollow\"    rel=\"noopener nofollow\">\n\t\t\t\t\t\t\tAnfahrt\n\t\t\t\t\t<\/a>\n\tTel: <a href=\"tel:+49260294700\">+49 2602 9470 0<\/a><br \/>\n<a href=\"mailto:geo-bodenradar@volkmann-sv.de\">geo-bodenradar@volkmann-sv.de<\/a>\n\n","protected":false},"excerpt":{"rendered":"<p>Wurzelschutz und Baumschutz auf Baustellen Die Ortung von Starkwurzeln im Bau- und Rammbereich ist mit VSV Boden- und Wurzelradarger\u00e4ten durchf\u00fchrbar. Baumschutz ist Klimaschutz und rettet Leben Kostenlose Beratung +49 (0) 2602 9470 0 Wurzelschutz und Baumschutz sind wesentliche Bestandteile der Umweltplanung auf Baustellen. Sie tragen dazu bei, bestehende B\u00e4ume und das umliegende \u00d6kosystem w\u00e4hrend einer &#8230; <a title=\"Root radar\" class=\"read-more\" href=\"https:\/\/geo-bodenradar.de\/en\/root-radar\/\" aria-label=\"Read more about Root radar\">Read more<\/a><\/p>\n","protected":false},"author":1,"featured_media":0,"parent":0,"menu_order":0,"comment_status":"closed","ping_status":"open","template":"","meta":{"_acf_changed":false,"_seopress_robots_primary_cat":"","_seopress_titles_title":"Root protection on construction sites | ground penetrating radar","_seopress_titles_desc":"Locating roots is important for root protection on construction sites and for legally required tree protection in the root area during construction work.","_seopress_robots_index":"","footnotes":""},"class_list":["post-4056","page","type-page","status-publish"],"acf":[],"_links":{"self":[{"href":"https:\/\/geo-bodenradar.de\/en\/wp-json\/wp\/v2\/pages\/4056","targetHints":{"allow":["GET"]}}],"collection":[{"href":"https:\/\/geo-bodenradar.de\/en\/wp-json\/wp\/v2\/pages"}],"about":[{"href":"https:\/\/geo-bodenradar.de\/en\/wp-json\/wp\/v2\/types\/page"}],"author":[{"embeddable":true,"href":"https:\/\/geo-bodenradar.de\/en\/wp-json\/wp\/v2\/users\/1"}],"replies":[{"embeddable":true,"href":"https:\/\/geo-bodenradar.de\/en\/wp-json\/wp\/v2\/comments?post=4056"}],"version-history":[{"count":7,"href":"https:\/\/geo-bodenradar.de\/en\/wp-json\/wp\/v2\/pages\/4056\/revisions"}],"predecessor-version":[{"id":4766,"href":"https:\/\/geo-bodenradar.de\/en\/wp-json\/wp\/v2\/pages\/4056\/revisions\/4766"}],"wp:attachment":[{"href":"https:\/\/geo-bodenradar.de\/en\/wp-json\/wp\/v2\/media?parent=4056"}],"curies":[{"name":"wp","href":"https:\/\/api.w.org\/{rel}","templated":true}]}}