{"id":4057,"date":"2022-07-19T14:52:49","date_gmt":"2022-07-19T12:52:49","guid":{"rendered":"https:\/\/geo-bodenradar.de\/ground-penetrating-radar\/"},"modified":"2026-03-18T16:42:50","modified_gmt":"2026-03-18T15:42:50","slug":"ground-root-radar","status":"publish","type":"page","link":"https:\/\/geo-bodenradar.de\/en\/","title":{"rendered":"Ground &#038; root radar"},"content":{"rendered":"\n\n\t\n\t<p>Sehen Sie in unserem Video, wie das Bodenradar funktioniert und in welchen Bereichen es hilfreiche Dienste leistet.<\/p>\n\t<meta itemprop=\"name\" content=\"Boden- &amp; Wurzelradar | Versorgungsleitungen | Altlasten aufsp\u00fcren\" \/><meta itemprop=\"description\" content=\"Noch immer m\u00fcssen wir uns bei Neu-Schachtungen oder bei allgemein geplanten Erdarbeiten mit unvorhergesehenen Altlasten besch\u00e4ftigen. Ihr Vorteil: Kl\u00e4rung im Vorfeld (vor Baubeginn) ob sich Altlasten im Boden befinden k\u00f6nnten, bessere Planung der Erdarbeiten und somit das Verhindern von Baustopps.  Das immer gr\u00f6\u00dfer werdende Verkehrsaufkommen stellt uns ebenfalls vor neue Herausforderungen, wie dem Schutz der B\u00e4ume durch Verkehrsunf\u00e4lle und zugleich der Verringerung von t\u00f6dlichen Ausg\u00e4ngen. Ihr Vorteil: Keine Verletzungen von Baumwurzeln, welche beim Nachr\u00fcsten von BOS-Fahrzeugr\u00fcckhaltesysteme, durch das unbekannte Rammen der Pfosten am Fahrbahnrand entstehen k\u00f6nnten.  Die meist zur Verf\u00fcgung gestellten Leitungspl\u00e4ne stimmen oftmals nicht mit der Realit\u00e4t \u00fcberein oder sind veraltet. Ihr Vorteil: detaillierte Erfassung der tats\u00e4chlich vorhandenen Kabel- und Versorgungsleitungen\" \/><meta itemprop=\"uploadDate\" content=\"2023-07-13T10:00Europe\/Berlin\" \/><meta itemprop=\"thumbnailUrl\" content=\"https:\/\/geo-bodenradar.de\/wp-content\/uploads\/2023\/07\/geo-bodenradar-videoposter-800x450.jpg\" \/><meta itemprop=\"contentUrl\" content=\"https:\/\/www.youtube.com\/watch?v=ENYKfOPtw4w\" \/><meta itemprop=\"embedUrl\" content=\"https:\/\/www.youtube.com\/watch?v=ENYKfOPtw4w\" \/>\t\n\t<iframe hcb-fetch-image-from=\"https:\/\/www.youtube.com\/watch?v=ENYKfOPtw4w\" allowfullscreen allow=\"autoplay\" data-src=\"https:\/\/www.youtube-nocookie.com\/embed\/ENYKfOPtw4w?feature=oembed&amp;start&amp;end&amp;wmode=opaque&amp;loop=0&amp;controls=1&amp;mute=0&amp;rel=0&amp;modestbranding=1\" title=\"Ortung von Versorgungsleitungen und Altlasten\"><\/iframe>\t\t\n\t\t\t\t\tPlay Video\n\tDie Verbindung zu YouTube ist blockiert worden. Durch einen Klick auf den Play-Button heben Sie diese Blockierung auf und akzeptieren die Datenschutzbestimmungen von YouTube.<br \/>\n<a href=\"https:\/\/policies.google.com\/privacy?hl=de&amp;gl=de\" target=\"_blank\" rel=\"noopener\">Mehr Informationen zum Datenschutz von YouTube finden Sie hier<\/a>\n\t\t\t\t<img loading=\"lazy\" decoding=\"async\" src=\"https:\/\/geo-bodenradar.de\/wp-content\/uploads\/2020\/11\/orange-line-skewed.svg\" alt=\"Orange Line Skewed\" itemprop=\"image\" height=\"100\" width=\"100\" title=\"Orange Line Skewed\" onerror=\"this.style.display='none'\"  \/>\n\t<p>Volkmann Strassen- und Verkehrstechnik, Ihr Partner f\u00fcr die Ortung von Wurzeln, Leitungen und Altlasten.<\/p>\n\t\t\t<a href=\"https:\/\/geo-bodenradar.de\/en\/contact\/\" target=\"_self\" rel=\"noopener\">\n\t\t\t\t\t\t Kostenlose Beratung\n\t\t\t\t\t<\/a>\n\t\t\t<a href=\"tel:+49260294700\" target=\"_self\" rel=\"noopener\">\n\t\t\t\t\t\t+49 (0) 2602 9470 0\n\t\t\t\t\t<\/a>\n\t\t\t\t<img loading=\"lazy\" decoding=\"async\" src=\"https:\/\/geo-bodenradar.de\/wp-content\/uploads\/2023\/06\/boden-und-wurzelradar.jpg\" alt=\"boden und wurzelradar\" itemprop=\"image\" height=\"727\" width=\"1000\" title=\"boden und wurzelradar\" onerror=\"this.style.display='none'\"  \/>\n\t\t\t\t<img loading=\"lazy\" decoding=\"async\" src=\"https:\/\/geo-bodenradar.de\/wp-content\/uploads\/2020\/11\/orange-line-skewed.svg\" alt=\"Orange Line Skewed\" itemprop=\"image\" height=\"100\" width=\"100\" title=\"Orange Line Skewed\" onerror=\"this.style.display='none'\"  \/>\n<h2>\n\t\tWurzelortung und Wurzelschutz auf Baustellen\n\t<\/h2>\n\t<p>Auf Baustellen ist es wichtig, einen Schutz von Wurzeln und B\u00e4umen sicherzustellen. Durch den Einsatz eines Wurzelradars kann eine schnelle und besch\u00e4digungsfreie Ortung von Wurzeln erfolgen. Es wird m\u00f6glich, die genaue Ausdehnung von gro\u00dfen Wurzelsystemen zu bestimmen und so potenzielle Sch\u00e4den durch Bauarbeiten zu vermeiden. Unsere Ortungsger\u00e4te lassen dabei eine exakte Ortung von Wurzeln von B\u00e4umen am Fahrbahnrand oder auf Grundst\u00fccken zu. Ein umfassender Baumschutz auf Baustellen ist nicht nur eine gesetzliche Anforderung, sondern auch eine Verantwortung gegen\u00fcber unserer Umwelt.<\/p>\n\t\t\t<a href=\"https:\/\/geo-bodenradar.de\/en\/root-radar\/\" target=\"_self\" rel=\"noopener\">\n\t\t\t\t\t\t\tMehr zu Wurzelradar\n\t\t\t<\/a>\n\t\t\t\t<img loading=\"lazy\" decoding=\"async\" src=\"https:\/\/geo-bodenradar.de\/wp-content\/uploads\/2020\/11\/orange-line-skewed.svg\" alt=\"Orange Line Skewed\" itemprop=\"image\" height=\"100\" width=\"100\" title=\"Orange Line Skewed\" onerror=\"this.style.display='none'\"  \/>\n<h2>\n\t\tKabel\u00adortung und Suche von Versorgungs\u00adleitungen\n\t<\/h2>\n\t<p>Leitungen im Erdreich zu finden kann eine Herausforderung sein. Mit unserem Bodenradar \u00fcbernehmen wir die Ortung spezifischer Objekte wie z.B. Gas- und Wasserleitungen, Versorgungskabel und diverse Telekommunikationskabel. Dabei kann das Ortungsger\u00e4t die pr\u00e4zise Position und Tiefe der Leitungen feststellen. Das vereinfacht nicht nur die Planung bei Sanierungen und Bauma\u00dfnahmen &#8211; auch eine versehentliche Besch\u00e4digung von Stromkabel oder Wasserleitungen bei Grabungsarbeiten kann so vermieden werden.<\/p>\n\t\t\t<a href=\"https:\/\/geo-bodenradar.de\/en\/utility-line-mapping\/\" target=\"_self\" rel=\"noopener\">\n\t\t\t\t\t\t\tMehr zu Kabelkl\u00e4rung\n\t\t\t<\/a>\n\t\t\t\t<img loading=\"lazy\" decoding=\"async\" src=\"https:\/\/geo-bodenradar.de\/wp-content\/uploads\/2023\/06\/geo-bodenradar-kabelklaerung.jpg\" alt=\"kabelklaerung\" itemprop=\"image\" height=\"841\" width=\"1000\" title=\"kabelklaerung\" onerror=\"this.style.display='none'\"  \/>\n\t\t\t\t<img loading=\"lazy\" decoding=\"async\" src=\"https:\/\/geo-bodenradar.de\/wp-content\/uploads\/2023\/06\/geo-bodenradar-altlasten.jpg\" alt=\"altlasten\" itemprop=\"image\" height=\"983\" width=\"1000\" title=\"altlasten\" onerror=\"this.style.display='none'\"  \/>\n\t\t\t\t<img loading=\"lazy\" decoding=\"async\" src=\"https:\/\/geo-bodenradar.de\/wp-content\/uploads\/2020\/11\/orange-line-skewed.svg\" alt=\"Orange Line Skewed\" itemprop=\"image\" height=\"100\" width=\"100\" title=\"Orange Line Skewed\" onerror=\"this.style.display='none'\"  \/>\n<h2>\n\t\tAltlasten auf Grundst\u00fccken und Stra\u00dfen aufsp\u00fcren\n\t<\/h2>\n\t<p>Die Untersuchung von Altlasten auf einem Baugrundst\u00fcck ist ein wichtiger Schritt, insbesondere bei Grundst\u00fccken mit vermuteten industriellen und milit\u00e4rischen Altlasten im Boden. Um diese Altlasten effektiv zu identifizieren, werden fortschrittliche Technologien wie das Bodenradar eingesetzt. Dieses erzeugt detaillierte Bilder des Untergrunds und erm\u00f6glicht es, die genaue Position und Ausdehnung von Altlasten zu bestimmen. Neben einem wichtigen Beitrag zum Schutz von Menschen und Umwelt, ergibt sich so auch ein wesentlicher Faktor in der nachhaltigen Stadtentwicklung.<\/p>\n\t\t\t<a href=\"https:\/\/geo-bodenradar.de\/en\/contaminated-sites\/\" target=\"_self\" rel=\"noopener\">\n\t\t\t\t\t\t\tMehr zu Altlasten\n\t\t\t<\/a>\n\t\t\t\t<img loading=\"lazy\" decoding=\"async\" src=\"https:\/\/geo-bodenradar.de\/wp-content\/uploads\/2020\/11\/orange-line-skewed.svg\" alt=\"Orange Line Skewed\" itemprop=\"image\" height=\"100\" width=\"100\" title=\"Orange Line Skewed\" onerror=\"this.style.display='none'\"  \/>\n<h2>\n\t\tEffiziente Hohlraumortung f\u00fcr sichere Bauprojekte\n\t<\/h2>\n\t<p>Das VSV Bodenradar erm\u00f6glicht eine pr\u00e4zise und nicht-invasive Hohlraumortung im Erdreich, wodurch unterirdische Strukturen effizient erkannt werden. Dies optimiert die Planung und Durchf\u00fchrung von Bauprojekten, indem potenzielle Gefahren wie Hohlr\u00e4ume fr\u00fchzeitig lokalisiert werden. Die Methode ist kosteneffizient, spart Zeit und schont die Umwelt, da der Boden bei der Untersuchung unber\u00fchrt bleibt. So tr\u00e4gt das VSV Bodenradar entscheidend zur sicheren und erfolgreichen Umsetzung von Bauvorhaben bei.<\/p>\n\t\t\t<a href=\"https:\/\/geo-bodenradar.de\/en\/utility-line-mapping\/\" target=\"_self\" rel=\"noopener\">\n\t\t\t\t\t\t\tMehr zu Hohlraumortung\n\t\t\t<\/a>\n\t\t\t\t<img loading=\"lazy\" decoding=\"async\" src=\"https:\/\/geo-bodenradar.de\/wp-content\/uploads\/2024\/09\/hohlraumortung-vsv-1024x741.jpg\" alt=\"hohlraumortung vsv\" itemprop=\"image\" height=\"741\" width=\"1024\" title=\"hohlraumortung vsv\" onerror=\"this.style.display='none'\"  \/>\n\t\t\t\t<img loading=\"lazy\" decoding=\"async\" src=\"https:\/\/geo-bodenradar.de\/wp-content\/uploads\/2020\/11\/orange-line-skewed.svg\" alt=\"Orange Line Skewed\" itemprop=\"image\" height=\"100\" width=\"100\" title=\"Orange Line Skewed\" onerror=\"this.style.display='none'\"  \/>\n<h2>\n\t\tDas Messprinzip\n\t<\/h2>\n\t<p>Die Erfassung des Standortes erfolgt mittels GPS-Daten und die Ortung des Objektes mittels hochfrequenten Elektromagnetischen Impulsen.<\/p>\n\t\t\t<a href=\"https:\/\/geo-bodenradar.de\/en\/faq\/\" target=\"_self\" rel=\"noopener\">\n\t\t\t\t\t\t\tMehr zum Messprinzip\n\t\t\t<\/a>\n\t\t\t\t<img loading=\"lazy\" decoding=\"async\" src=\"https:\/\/geo-bodenradar.de\/wp-content\/uploads\/2020\/11\/orange-line-skewed.svg\" alt=\"Orange Line Skewed\" itemprop=\"image\" height=\"100\" width=\"100\" title=\"Orange Line Skewed\" onerror=\"this.style.display='none'\"  \/>\n<h2>\n\t\tDie 6 Schritte des Messverfahrens\n\t<\/h2>\n\t\t\t<a href=\"https:\/\/geo-bodenradar.de\/en\/faq\/#geo-faq-2\" target=\"_self\" rel=\"noopener\">\n\t\t<h4>Erfassung<\/h4>\n\t\t\t<p>des Standortes mittels GPS-Daten<\/p>\t\t\n\t\t<\/a>\n\t\t\t<a href=\"https:\/\/geo-bodenradar.de\/en\/faq\/#geo-faq-3\" target=\"_self\" rel=\"noopener\">\n\t\t<h4>Messen<\/h4>\n\t\t\t<p>des Scanbereiches<\/p>\t\t\n\t\t<\/a>\n\t\t\t<a href=\"https:\/\/geo-bodenradar.de\/en\/faq\/#geo-faq-4\" target=\"_self\" rel=\"noopener\">\n\t\t<h4>Auswertung<\/h4>\n\t\t\t<p>mittels spezieller Software<\/p>\t\t\n\t\t<\/a>\n\t\t\t<a href=\"https:\/\/geo-bodenradar.de\/en\/faq\/#geo-faq-5\" target=\"_self\" rel=\"noopener\">\n\t\t<h4>Dateiformate und Pl\u00e4ne<\/h4>\n\t\t\t<p>Erstellung von Lagepl\u00e4nen<\/p>\t\t\n\t\t<\/a>\n\t\t\t<a href=\"https:\/\/geo-bodenradar.de\/en\/faq\/#geo-faq-6\" target=\"_self\" rel=\"noopener\">\n\t\t<h4>Dokumentation<\/h4>\n\t\t\t<p>in Dateiform<\/p>\t\t\n\t\t<\/a>\n\t\t\t<a href=\"https:\/\/geo-bodenradar.de\/en\/faq\/#geo-faq-7\" target=\"_self\" rel=\"noopener\">\n\t\t<h4>Verkehrssicherung<\/h4>\n\t\t\t<p>kann optional mit angeboten werden<\/p>\t\t\n\t\t<\/a>\n\t\t\t\t<img loading=\"lazy\" decoding=\"async\" src=\"https:\/\/geo-bodenradar.de\/wp-content\/uploads\/2020\/11\/orange-line-skewed.svg\" alt=\"Orange Line Skewed\" itemprop=\"image\" height=\"100\" width=\"100\" title=\"Orange Line Skewed\" onerror=\"this.style.display='none'\"  \/>\n<h2>\n\t\tFragen Sie die Experten\n\t<\/h2>\n\t<p>Sprechen Sie uns an &#8211; wir beraten Sie gerne<\/p>\n\t<p>Unsere Experten entwickeln ma\u00dfgeschneiderte Konzepte f\u00fcr Ihre individuelle Situation. Lassen Sie sich ein optimales Konzept zusammenstellen f\u00fcr eine wirkungsvolle Ortung von Wurzeln, Versorgungsleitungen oder Altlasten im Scan-Bereich.<\/p>\n\t\t\t<a href=\"https:\/\/geo-bodenradar.de\/en\/contact\/\" target=\"_self\" rel=\"noopener\">\n\t\t\t\t\t\t\tJetzt anfragen\n\t\t\t<\/a>\n\t\t\t\t<img loading=\"lazy\" decoding=\"async\" src=\"https:\/\/geo-bodenradar.de\/wp-content\/uploads\/2023\/08\/herr-ahnert-vsv.png\" alt=\"herr ahnert vsv\" itemprop=\"image\" height=\"390\" width=\"397\" title=\"herr ahnert vsv\" onerror=\"this.style.display='none'\"  \/>\n<h3>\n\t\tChristopher Ahnert\n\t<\/h3>\n\t\t\t\t<img loading=\"lazy\" decoding=\"async\" src=\"https:\/\/geo-bodenradar.de\/wp-content\/uploads\/2024\/04\/torben-kunz-vsv.png\" alt=\"torben kunz vsv\" itemprop=\"image\" height=\"390\" width=\"390\" title=\"torben kunz vsv\" onerror=\"this.style.display='none'\"  \/>\n<h3>\n\t\tTorben Kunz\n\t<\/h3>\n\t\t\t\t<img loading=\"lazy\" decoding=\"async\" src=\"https:\/\/geo-bodenradar.de\/wp-content\/uploads\/2020\/11\/orange-line-skewed.svg\" alt=\"Orange Line Skewed\" itemprop=\"image\" height=\"100\" width=\"100\" title=\"Orange Line Skewed\" onerror=\"this.style.display='none'\"  \/>\n<h2>\n\t\tBrosch\u00fcre herunterladen\n\t<\/h2>\n\t<p>Laden Sie unsere Brosch\u00fcre zum Boden- und Wurzelradar im PDF-Format herunter.<\/p>\n\t\t\t<a href=\"https:\/\/geo-bodenradar.de\/wp-content\/uploads\/2024\/07\/vsv-broschuere-geo-bodenradar.pdf\" download target=\"_self\" rel=\"noopener\">\n\t\t\t\t\t\t\tBrosch\u00fcre herunterladen\n\t\t\t<\/a>\n\t\t\t\t<a href=\"https:\/\/geo-bodenradar.de\/wp-content\/uploads\/2024\/07\/vsv-broschuere-geo-bodenradar.pdf\" target=\"_blank\" rel=\"noopener\" itemprop=\"url\">\n\t\t\t\t<img loading=\"lazy\" decoding=\"async\" src=\"https:\/\/geo-bodenradar.de\/wp-content\/uploads\/2024\/07\/vsv-broschueren-download-591x600.png\" alt=\"vsv broschueren download\" itemprop=\"image\" height=\"600\" width=\"591\" title=\"vsv broschueren download\" onerror=\"this.style.display='none'\"  \/>\n\t\t\t\t<\/a>\n\t\t\t\t<img loading=\"lazy\" decoding=\"async\" src=\"https:\/\/geo-bodenradar.de\/wp-content\/uploads\/2020\/11\/orange-line-skewed.svg\" alt=\"Orange Line Skewed\" itemprop=\"image\" height=\"100\" width=\"100\" title=\"Orange Line Skewed\" onerror=\"this.style.display='none'\"  \/>\n<h2>\n\t\tReferenzen\n\t<\/h2>\n\t\t\t\t<img loading=\"lazy\" decoding=\"async\" src=\"https:\/\/geo-bodenradar.de\/wp-content\/uploads\/2020\/11\/orange-line-skewed.svg\" alt=\"Orange Line Skewed\" itemprop=\"image\" height=\"100\" width=\"100\" title=\"Orange Line Skewed\" onerror=\"this.style.display='none'\"  \/>\n<h2>\n\t\t\u00dcber uns\n\t<\/h2>\n\t<p>Lernen Sie uns kennen und erfahren Sie mehr \u00fcber unser Leistungsportfolio und was wir f\u00fcr Sie tun k\u00f6nnen.<\/p>\n\t\t\t<a href=\"https:\/\/geo-bodenradar.de\/en\/about-us\/\" target=\"_self\" rel=\"noopener\">\n\t\t\t\t\t\t\tMehr erfahren\n\t\t\t<\/a>\n\tVolkmann Strassen-<br \/>\nund Verkehrstechnik GmbH\nHohe Stra\u00dfe 9-17<br \/>\n56410 Montabaur\n\t\t\t<a href=\"https:\/\/goo.gl\/maps\/G1EMjxFCYJ6oTJqPA\" target=\"_blank\" rel=\"noopener nofollow\">\n\t\t\t\t\t\t\tAnfahrt\n\t\t\t\t\t<\/a>\n\tTel: <a href=\"tel:+49260294700\">+49 (0) 2602 9470 0<\/a><br \/>\n<a href=\"mailto:geo-bodenradar@volkmann-sv.de\">geo-bodenradar@volkmann-sv.de<\/a>\n\n","protected":false},"excerpt":{"rendered":"<p>Sehen Sie in unserem Video, wie das Bodenradar funktioniert und in welchen Bereichen es hilfreiche Dienste leistet. Play Video Die Verbindung zu YouTube ist blockiert worden. Durch einen Klick auf den Play-Button heben Sie diese Blockierung auf und akzeptieren die Datenschutzbestimmungen von YouTube. Mehr Informationen zum Datenschutz von YouTube finden Sie hier Volkmann Strassen- und &#8230; <a title=\"Ground &#038; root radar\" class=\"read-more\" href=\"https:\/\/geo-bodenradar.de\/en\/\" aria-label=\"Read more about Ground &#038; root radar\">Read more<\/a><\/p>\n","protected":false},"author":1,"featured_media":0,"parent":0,"menu_order":0,"comment_status":"closed","ping_status":"open","template":"","meta":{"_acf_changed":false,"_seopress_robots_primary_cat":"","_seopress_titles_title":"Geo radar and ground scanner | Geo ground penetrating radar","_seopress_titles_desc":"Get expert support with a georadar survey to locate pipes, roots and contaminated sites on properties and construction sites.","_seopress_robots_index":"","footnotes":""},"class_list":["post-4057","page","type-page","status-publish"],"acf":[],"_links":{"self":[{"href":"https:\/\/geo-bodenradar.de\/en\/wp-json\/wp\/v2\/pages\/4057","targetHints":{"allow":["GET"]}}],"collection":[{"href":"https:\/\/geo-bodenradar.de\/en\/wp-json\/wp\/v2\/pages"}],"about":[{"href":"https:\/\/geo-bodenradar.de\/en\/wp-json\/wp\/v2\/types\/page"}],"author":[{"embeddable":true,"href":"https:\/\/geo-bodenradar.de\/en\/wp-json\/wp\/v2\/users\/1"}],"replies":[{"embeddable":true,"href":"https:\/\/geo-bodenradar.de\/en\/wp-json\/wp\/v2\/comments?post=4057"}],"version-history":[{"count":6,"href":"https:\/\/geo-bodenradar.de\/en\/wp-json\/wp\/v2\/pages\/4057\/revisions"}],"predecessor-version":[{"id":4765,"href":"https:\/\/geo-bodenradar.de\/en\/wp-json\/wp\/v2\/pages\/4057\/revisions\/4765"}],"wp:attachment":[{"href":"https:\/\/geo-bodenradar.de\/en\/wp-json\/wp\/v2\/media?parent=4057"}],"curies":[{"name":"wp","href":"https:\/\/api.w.org\/{rel}","templated":true}]}}