{"id":4058,"date":"2023-05-27T11:48:04","date_gmt":"2023-05-27T09:48:04","guid":{"rendered":"https:\/\/geo-bodenradar.de\/faq\/"},"modified":"2026-03-18T16:50:54","modified_gmt":"2026-03-18T15:50:54","slug":"faq","status":"publish","type":"page","link":"https:\/\/geo-bodenradar.de\/en\/faq\/","title":{"rendered":"FAQ"},"content":{"rendered":"\n<figure itemscope itemtype=\"https:\/\/schema.org\/ImageObject\">\n\t\t\t\t<img decoding=\"async\" src=\"https:\/\/geo-bodenradar.de\/\/wp-content\/uploads\/2020\/11\/orange-line-skewed.svg\" alt=\"Orange Line Skewed\" height=\"100\" width=\"100\" title=\"Orange Line Skewed\" onerror=\"this.style.display='none'\" loading=\"lazy\" \/>\n\t<\/figure>\n<h1>\n\t\t\tBoden &#038; Wurzelradar FAQ\t<\/h1>\n\t<p>Hier beantworten wir g\u00e4ngige Fragen zum Thema Geo-Bodenradar und seinen vielf\u00e4ltigen Nutzungsm\u00f6glichkeiten.<\/p>\n\t<p>Sie haben Fragen, die hier nicht beantwortet werden oder Interesse an einem pers\u00f6nlichen Beratungsgespr\u00e4ch zu Ihrem individuellen Bedarf?<\/p>\n\t\t\t<a href=\"https:\/\/geo-bodenradar.de\/kontakt\/\"  target=\"_self\">\n\t\t\t\t\t\t Kostenlose Beratung\n\t\t\t\t\t<\/a>\n\t\t\t<a href=\"tel:+49260294700\"  target=\"_self\">\n\t\t\t\t\t\t+49 2602 9470 0\n\t\t\t\t\t<\/a>\n\t\t\t\t<h3 itemprop=\"name description\">Welches Messprinzip wird angewandt?<\/h3>\n<p>Unser Bodenradarger\u00e4te dienen zur Erfassung und Kartierung des Untergrunds in h\u00f6chster Aufl\u00f6sung. Mit Hilfe des Proceq GS- 8000 und dem TreeRadar BS-900 erfassen wir metallische als auch nichtmetallische Leitungen und andere Objekte im Untergrund. Der Boden wird bei der Erfassung nicht zerst\u00f6rt. Das Messverfahren basiert auf dem Einsatz einer Sender-Empf\u00e4nger- Antenne. Die Sender-Antenne schickt elektromagnetische Impulswellen in den Untergrund. Je nach Untergrundbeschaffenheit unterscheiden sich hier die Wellengeschwindigkeiten der Bodendurchdringung. Trifft die Welle auf ein Objekt im Boden, so wird die Impulswelle von dem Objekt reflektiert und von der Empf\u00e4nger-Antenne erfasst. Sie wird als Radargramm in Form einer Hyperbel auf dem Display dargestellt.<\/p>\n<figure><img loading=\"lazy\" decoding=\"async\" width=\"609\" height=\"453\" src=\"https:\/\/geo-bodenradar.de\/wp-content\/uploads\/2023\/07\/messprinzip.png\" alt=\"messprinzip\"\/><\/figure>\n\t\t\t\t<h3 itemprop=\"name description\">Wie wird der Standort oder das Objekt erfasst?<\/h3>\n<p>Durch Einsatz einer leistungsstarken GPS Antenne und genauer Erfassung der Geokoordinaten unter zu Hilfe Name von bis zu 30 Satelliten kann der Standort exakt erfasst werden. Dies erfolgt \u00fcber Multiband GPS + Glonass + Galileo + Beidou.<\/p>\n<figure><img loading=\"lazy\" decoding=\"async\" width=\"1024\" height=\"683\" src=\"https:\/\/geo-bodenradar.de\/wp-content\/uploads\/2023\/06\/Erfassung_Projekt-Tuettleben-1024x683.jpg\" alt=\"Erfassung des Standortes mittels GPS-Daten\" srcset=\"https:\/\/geo-bodenradar.de\/wp-content\/uploads\/2023\/06\/Erfassung_Projekt-Tuettleben-1024x683.jpg 1024w, https:\/\/geo-bodenradar.de\/wp-content\/uploads\/2023\/06\/Erfassung_Projekt-Tuettleben-800x533.jpg 800w, https:\/\/geo-bodenradar.de\/wp-content\/uploads\/2023\/06\/Erfassung_Projekt-Tuettleben-768x512.jpg 768w, https:\/\/geo-bodenradar.de\/wp-content\/uploads\/2023\/06\/Erfassung_Projekt-Tuettleben.jpg 1500w\" sizes=\"auto, (max-width: 1024px) 100vw, 1024px\" \/><\/figure>\n\t\t\t\t<h3 itemprop=\"name description\">Wie wird gemessen?<\/h3>\n<p>Die Scandaten werden mittels GPR Antenne in Form von elektromagnetischen Impulsen erhoben. \u00dcber den dielektrischen Wert kann L\u00e4nge, Tiefe, Durchmesser sowie Art des Objektes bestimmt und einzelne Bodenschichten dargestellt werden.&nbsp;<\/p>\n<figure><img loading=\"lazy\" decoding=\"async\" width=\"1024\" height=\"683\" src=\"https:\/\/geo-bodenradar.de\/wp-content\/uploads\/2023\/06\/Livemessung-Strasse-1024x683.jpg\" alt=\"livemessung stra\u00dfe\" srcset=\"https:\/\/geo-bodenradar.de\/wp-content\/uploads\/2023\/06\/Livemessung-Strasse-1024x683.jpg 1024w, https:\/\/geo-bodenradar.de\/wp-content\/uploads\/2023\/06\/Livemessung-Strasse-800x533.jpg 800w, https:\/\/geo-bodenradar.de\/wp-content\/uploads\/2023\/06\/Livemessung-Strasse-768x512.jpg 768w, https:\/\/geo-bodenradar.de\/wp-content\/uploads\/2023\/06\/Livemessung-Strasse.jpg 1500w\" sizes=\"auto, (max-width: 1024px) 100vw, 1024px\" \/><\/figure>\n\t\t\t\t<h3 itemprop=\"name description\">Womit werden die Daten ausgewertet?<\/h3>\n<p>Mittels speziell f\u00fcr die Auswertung von GPR Daten entwickelter Software f\u00fcr die Bodenradarger\u00e4te k\u00f6nnen spezifische Objekte in den Scans schnell erkannt und klar markiert werden. Hierdurch ist eine direkte Auswertung der Daten noch vor Ort m\u00f6glich.<\/p>\n<figure><img loading=\"lazy\" decoding=\"async\" width=\"1024\" height=\"682\" src=\"https:\/\/geo-bodenradar.de\/wp-content\/uploads\/2023\/06\/Auswertung_Test-Leitung-1024x682.png\" alt=\"Auswertung mittels spezieller Software\" title=\"Auswertung mittels spezieller Software\" srcset=\"https:\/\/geo-bodenradar.de\/wp-content\/uploads\/2023\/06\/Auswertung_Test-Leitung-1024x682.png 1024w, https:\/\/geo-bodenradar.de\/wp-content\/uploads\/2023\/06\/Auswertung_Test-Leitung-800x533.png 800w, https:\/\/geo-bodenradar.de\/wp-content\/uploads\/2023\/06\/Auswertung_Test-Leitung-768x511.png 768w, https:\/\/geo-bodenradar.de\/wp-content\/uploads\/2023\/06\/Auswertung_Test-Leitung.png 1500w\" sizes=\"auto, (max-width: 1024px) 100vw, 1024px\" \/><\/figure>\n\t\t\t\t<h3 itemprop=\"name description\">In welchen Formate k\u00f6nnen die Messergebnisse zur Verf\u00fcgung gestellt werden?<\/h3>\n<p>Durch die Vielzahl an Dateiformaten in welche die ausgewerteten Daten ausgegeben werden k\u00f6nnen, SEGY, KML, DXF, DWG, SHP und HTML k\u00f6nnen die Daten durch Maps Programme oder Umwandlung im CAD zu physischen oder digitalen Pl\u00e4nen aufgebaut und gedruckt werden.<\/p>\n<figure><img loading=\"lazy\" decoding=\"async\" width=\"1024\" height=\"683\" src=\"https:\/\/geo-bodenradar.de\/wp-content\/uploads\/2023\/06\/Plaene-1024x683.jpg\" alt=\"Erstellung von Lagepl\u00e4nen, Festlegung der Rammbereiche\" srcset=\"https:\/\/geo-bodenradar.de\/wp-content\/uploads\/2023\/06\/Plaene-1024x683.jpg 1024w, https:\/\/geo-bodenradar.de\/wp-content\/uploads\/2023\/06\/Plaene-800x533.jpg 800w, https:\/\/geo-bodenradar.de\/wp-content\/uploads\/2023\/06\/Plaene-768x512.jpg 768w, https:\/\/geo-bodenradar.de\/wp-content\/uploads\/2023\/06\/Plaene.jpg 1500w\" sizes=\"auto, (max-width: 1024px) 100vw, 1024px\" \/><\/figure>\n\t\t\t\t<h3 itemprop=\"name description\">Wie sieht die Dokumentation aus?<\/h3>\n<p>Die gesammelten ausgewerteten Daten und Pl\u00e4ne k\u00f6nnen zum Abschluss des Projektes in reiner Datenform oder auch in physischer Form durch Pl\u00e4ne und auf Datentr\u00e4gern bereit gestellt werden zur Verwendung auf der Baustelle oder zur Weitergabe an Kunden.<\/p>\n<figure><img loading=\"lazy\" decoding=\"async\" width=\"1024\" height=\"683\" src=\"https:\/\/geo-bodenradar.de\/wp-content\/uploads\/2023\/06\/Dokumentation_Tank-Montabaur-1024x683.jpg\" alt=\"Dokumentation in Dateiform\" srcset=\"https:\/\/geo-bodenradar.de\/wp-content\/uploads\/2023\/06\/Dokumentation_Tank-Montabaur-1024x683.jpg 1024w, https:\/\/geo-bodenradar.de\/wp-content\/uploads\/2023\/06\/Dokumentation_Tank-Montabaur-800x533.jpg 800w, https:\/\/geo-bodenradar.de\/wp-content\/uploads\/2023\/06\/Dokumentation_Tank-Montabaur-768x512.jpg 768w, https:\/\/geo-bodenradar.de\/wp-content\/uploads\/2023\/06\/Dokumentation_Tank-Montabaur.jpg 1500w\" sizes=\"auto, (max-width: 1024px) 100vw, 1024px\" \/><\/figure>\n\t\t\t\t<h3 itemprop=\"name description\">Kann eine Verkehrsabsicherung w\u00e4hrend der Messarbeiten angeboten werden?<\/h3>\n<p>Tempor\u00e4re oder langfristige Baustellenabsicherung nach RSA (Richtlinien f\u00fcr die Sicherung von Arbeitsstellen an Stra\u00dfen) ist ebenfalls m\u00f6glich um den Schutz der Arbeiter und auch der Verkehrsteilnehmer w\u00e4hrend der Ma\u00dfnahmen zu gew\u00e4hrleisten. Sprechen sie uns diesbez\u00fcglich an.<\/p>\n<figure><img loading=\"lazy\" decoding=\"async\" width=\"1024\" height=\"683\" src=\"https:\/\/geo-bodenradar.de\/wp-content\/uploads\/2023\/06\/Verkehrssicherung-1024x683.jpg\" alt=\"verkehrssicherung\" srcset=\"https:\/\/geo-bodenradar.de\/wp-content\/uploads\/2023\/06\/Verkehrssicherung-1024x683.jpg 1024w, https:\/\/geo-bodenradar.de\/wp-content\/uploads\/2023\/06\/Verkehrssicherung-800x533.jpg 800w, https:\/\/geo-bodenradar.de\/wp-content\/uploads\/2023\/06\/Verkehrssicherung-768x512.jpg 768w, https:\/\/geo-bodenradar.de\/wp-content\/uploads\/2023\/06\/Verkehrssicherung-1536x1024.jpg 1536w, https:\/\/geo-bodenradar.de\/wp-content\/uploads\/2023\/06\/Verkehrssicherung.jpg 1800w\" sizes=\"auto, (max-width: 1024px) 100vw, 1024px\" \/><\/figure>\n\t\t\t\t<h3 itemprop=\"name description\">Welche Messverfahren werden verwendet?<\/h3>\n<p>Wir bieten folgende Messverfahren an: Line-Scan, Grid Scan, Free Path, A-Scan, Linienscan und Linienscan migriert.<\/p>\n<figure><img loading=\"lazy\" decoding=\"async\" width=\"1024\" height=\"683\" src=\"https:\/\/geo-bodenradar.de\/wp-content\/uploads\/2023\/06\/Messmodi-Beispiel-1024x683.png\" alt=\"Beispielscan Free Path\/Grid Scan\" srcset=\"https:\/\/geo-bodenradar.de\/wp-content\/uploads\/2023\/06\/Messmodi-Beispiel-1024x683.png 1024w, https:\/\/geo-bodenradar.de\/wp-content\/uploads\/2023\/06\/Messmodi-Beispiel-800x533.png 800w, https:\/\/geo-bodenradar.de\/wp-content\/uploads\/2023\/06\/Messmodi-Beispiel-768x512.png 768w, https:\/\/geo-bodenradar.de\/wp-content\/uploads\/2023\/06\/Messmodi-Beispiel.png 1500w\" sizes=\"auto, (max-width: 1024px) 100vw, 1024px\" \/><\/figure>\n\t\t\t\t<h3 itemprop=\"name description\">Wie funktioniert das Messprinzip?<\/h3>\n<p>&#8222;Elektromagnetische (EM) Induktion und Bodenradar (GPR) sind geophysikalische Techniken die routinem\u00e4\u00dfig zur Untersuchung des oberfl\u00e4chennahen Untergrunds f\u00fcr technische und umweltbezogene Zwecke eingesetzt werden (Annan und Daniels, 1998; Greenhouse und Slaine, 1983; und Olhoeft, 1986). Diese beiden Methoden wurden in den letzten Jahrzehnten in gro\u00dfem Umfang angewandt, um dem wachsenden Bedarf an einer nicht-invasiven und kosteneffizienten Methode zur Unterst\u00fctzung der Charakterisierung kontaminierter Standorte zu decken.<\/p>\n<p>Beide Techniken haben sich als n\u00fctzlich erwiesen, um unterirdische Merkmale zu lokalisieren die Schadstoffe enthalten und um geologische Merkmale zu kartieren, die den Fluss von Schadstoffen unter der Oberfl\u00e4che beeinflussen oder einschlie\u00dfen k\u00f6nnen.<\/p>\n<figure><img loading=\"lazy\" decoding=\"async\" width=\"1024\" height=\"683\" src=\"https:\/\/geo-bodenradar.de\/wp-content\/uploads\/2023\/06\/wie-funktioniert-dass-Messprinzip-1024x683.png\" alt=\"Querschnittdarstellung des oberfl\u00e4chennahen Untergrundes\" srcset=\"https:\/\/geo-bodenradar.de\/wp-content\/uploads\/2023\/06\/wie-funktioniert-dass-Messprinzip-1024x683.png 1024w, https:\/\/geo-bodenradar.de\/wp-content\/uploads\/2023\/06\/wie-funktioniert-dass-Messprinzip-800x533.png 800w, https:\/\/geo-bodenradar.de\/wp-content\/uploads\/2023\/06\/wie-funktioniert-dass-Messprinzip-768x512.png 768w, https:\/\/geo-bodenradar.de\/wp-content\/uploads\/2023\/06\/wie-funktioniert-dass-messprinzip.png 1500w\" sizes=\"auto, (max-width: 1024px) 100vw, 1024px\" \/><\/figure>\n\t\t\t\t<h3 itemprop=\"name description\">Welche Voraussetzungen m\u00fcssen gegeben sein um genaue Ergebnisse zu erhalten?<\/h3>\n<p>Wir ben\u00f6tigen um optimale Messergebnisse zu erzielen m\u00f6glichst einen trockenen Untergrund, die Fl\u00e4che sollte begehbar und frei von Hindernissen sein und wenn m\u00f6glich sollten eventuell schon vorhandene Pl\u00e4ne mit einbezogen werden.<\/p>\n<figure><img loading=\"lazy\" decoding=\"async\" width=\"1024\" height=\"683\" src=\"https:\/\/geo-bodenradar.de\/wp-content\/uploads\/2023\/06\/Vorraussetzungen-1024x683.jpeg\" alt=\"Ideale Fl\u00e4chenvorrausetzungen\" srcset=\"https:\/\/geo-bodenradar.de\/wp-content\/uploads\/2023\/06\/Vorraussetzungen-1024x683.jpeg 1024w, https:\/\/geo-bodenradar.de\/wp-content\/uploads\/2023\/06\/Vorraussetzungen-800x533.jpeg 800w, https:\/\/geo-bodenradar.de\/wp-content\/uploads\/2023\/06\/Vorraussetzungen-768x512.jpeg 768w, https:\/\/geo-bodenradar.de\/wp-content\/uploads\/2023\/06\/Vorraussetzungen.jpeg 1500w\" sizes=\"auto, (max-width: 1024px) 100vw, 1024px\" \/><\/figure>\n<figure itemscope itemtype=\"https:\/\/schema.org\/ImageObject\">\n\t\t\t\t<img decoding=\"async\" src=\"https:\/\/geo-bodenradar.de\/wp-content\/uploads\/2020\/11\/orange-line-skewed.svg\" alt=\"Orange Line Skewed\" height=\"100\" width=\"100\" title=\"Orange Line Skewed\" onerror=\"this.style.display='none'\" loading=\"lazy\" \/>\n\t<\/figure>\n<h2>\n\t\t\tBrosch\u00fcre herunterladen\t<\/h2>\n\t<p>Laden Sie unsere Brosch\u00fcre zum Boden- und Wurzelradar im PDF-Format herunter.<\/p>\n\t\t\t<a href=\"https:\/\/geo-bodenradar.de\/wp-content\/uploads\/2024\/11\/vsv-broschuere-geo-bodenradar-2024-online.pdf\"  target=\"_self\"  download>\n\t\t\t\t\t\t\tBrosch\u00fcre herunterladen\n\t\t\t<\/a>\n<figure itemscope itemtype=\"https:\/\/schema.org\/ImageObject\">\n\t\t\t\t<a href=\"https:\/\/geo-bodenradar.de\/wp-content\/uploads\/2024\/07\/vsv-broschuere-geo-bodenradar.pdf\"  target=\"_blank\" rel=\"noopener\"  itemprop=\"url\">\n\t\t\t\t<img decoding=\"async\" src=\"https:\/\/geo-bodenradar.de\/wp-content\/uploads\/2024\/11\/vsv-broschueren-download_26-11-2024.png\" alt=\"vsv brosch\u00fcren download 26 11 2024\" height=\"1016\" width=\"1000\" title=\"vsv brosch\u00fcren download 26 11 2024\" onerror=\"this.style.display='none'\" loading=\"lazy\" \/>\n\t\t\t\t<\/a>\n\t<\/figure>\n<figure itemscope itemtype=\"https:\/\/schema.org\/ImageObject\">\n\t\t\t\t<img decoding=\"async\" src=\"https:\/\/geo-bodenradar.de\/wp-content\/uploads\/2020\/11\/orange-line-skewed.svg\" alt=\"Orange Line Skewed\" height=\"100\" width=\"100\" title=\"Orange Line Skewed\" onerror=\"this.style.display='none'\" loading=\"lazy\" \/>\n\t<\/figure>\n<h2>\n\t\t\tFragen Sie die Experten\t<\/h2>\n\t<p>Sprechen Sie uns an &#8211; wir beraten Sie gerne<\/p>\n\t<p>Unsere Experten entwickeln ma\u00dfgeschneiderte Konzepte f\u00fcr Ihre individuelle Situation. Lassen Sie sich ein optimales Konzept zusammenstellen f\u00fcr eine wirkungsvolle Ortung von Wurzeln, Versorgungsleitungen oder Altlasten im Scan-Bereich.<\/p>\n\t\t\t<a href=\"https:\/\/geo-bodenradar.de\/kontakt\/\"  target=\"_self\">\n\t\t\t\t\t\t\tJetzt anfragen\n\t\t\t<\/a>\n<figure itemscope itemtype=\"https:\/\/schema.org\/ImageObject\">\n\t\t\t\t<img decoding=\"async\" src=\"https:\/\/geo-bodenradar.de\/wp-content\/uploads\/2023\/08\/herr-ahnert-vsv.png\" alt=\"herr ahnert vsv\" height=\"390\" width=\"397\" title=\"herr ahnert vsv\" onerror=\"this.style.display='none'\" loading=\"lazy\" \/>\n\t<\/figure>\n<h3>\n\t\t\tChristopher Ahnert\t<\/h3>\n<figure itemscope itemtype=\"https:\/\/schema.org\/ImageObject\">\n\t\t\t\t<img decoding=\"async\" src=\"https:\/\/geo-bodenradar.de\/wp-content\/uploads\/2024\/04\/torben-kunz-vsv.png\" alt=\"torben kunz vsv\" height=\"390\" width=\"390\" title=\"torben kunz vsv\" onerror=\"this.style.display='none'\" loading=\"lazy\" \/>\n\t<\/figure>\n<h3>\n\t\t\tTorben Kunz\t<\/h3>\n<figure itemscope itemtype=\"https:\/\/schema.org\/ImageObject\">\n\t\t\t\t<img decoding=\"async\" src=\"https:\/\/geo-bodenradar.de\/wp-content\/uploads\/2020\/11\/orange-line-skewed.svg\" alt=\"Orange Line Skewed\" height=\"100\" width=\"100\" title=\"Orange Line Skewed\" onerror=\"this.style.display='none'\" loading=\"lazy\" \/>\n\t<\/figure>\n<h2>\n\t\t\t\u00dcber uns\t<\/h2>\n\t<p>Lernen Sie uns kennen und erfahren Sie mehr \u00fcber unser Leistungsportfolio und was wir f\u00fcr Sie tun k\u00f6nnen.<\/p>\n\t\t\t<a href=\"\/ueber-vsv-volkmann-strassen-verkehrstechnik\/\"  target=\"_self\">\n\t\t\t\t\t\t\tMehr erfahren\n\t\t\t<\/a>\n\tVolkmann Strassen-<br \/>\nund Verkehrstechnik GmbH\nHohe Stra\u00dfe 9-17<br \/>\n56410 Montabaur\n\t\t\t<a href=\"https:\/\/goo.gl\/maps\/G1EMjxFCYJ6oTJqPA\"  target=\"_blank\" rel=\"noopener nofollow\"    rel=\"noopener nofollow\">\n\t\t\t\t\t\t\tAnfahrt\n\t\t\t\t\t<\/a>\n\tTel: <a href=\"tel:+49260294700\">+49 2602 9470 0<\/a><br \/>\n<a href=\"mailto:geo-bodenradar@volkmann-sv.de\">geo-bodenradar@volkmann-sv.de<\/a>\n\n","protected":false},"excerpt":{"rendered":"<p>Boden &#038; Wurzelradar FAQ Hier beantworten wir g\u00e4ngige Fragen zum Thema Geo-Bodenradar und seinen vielf\u00e4ltigen Nutzungsm\u00f6glichkeiten. Sie haben Fragen, die hier nicht beantwortet werden oder Interesse an einem pers\u00f6nlichen Beratungsgespr\u00e4ch zu Ihrem individuellen Bedarf? Kostenlose Beratung +49 2602 9470 0 Welches Messprinzip wird angewandt? Unser Bodenradarger\u00e4te dienen zur Erfassung und Kartierung des Untergrunds in h\u00f6chster &#8230; <a title=\"FAQ\" class=\"read-more\" href=\"https:\/\/geo-bodenradar.de\/en\/faq\/\" aria-label=\"Read more about FAQ\">Read more<\/a><\/p>\n","protected":false},"author":1,"featured_media":0,"parent":0,"menu_order":0,"comment_status":"closed","ping_status":"open","template":"","meta":{"_acf_changed":false,"_seopress_robots_primary_cat":"","_seopress_titles_title":"","_seopress_titles_desc":"","_seopress_robots_index":"","footnotes":""},"class_list":["post-4058","page","type-page","status-publish"],"acf":[],"_links":{"self":[{"href":"https:\/\/geo-bodenradar.de\/en\/wp-json\/wp\/v2\/pages\/4058","targetHints":{"allow":["GET"]}}],"collection":[{"href":"https:\/\/geo-bodenradar.de\/en\/wp-json\/wp\/v2\/pages"}],"about":[{"href":"https:\/\/geo-bodenradar.de\/en\/wp-json\/wp\/v2\/types\/page"}],"author":[{"embeddable":true,"href":"https:\/\/geo-bodenradar.de\/en\/wp-json\/wp\/v2\/users\/1"}],"replies":[{"embeddable":true,"href":"https:\/\/geo-bodenradar.de\/en\/wp-json\/wp\/v2\/comments?post=4058"}],"version-history":[{"count":2,"href":"https:\/\/geo-bodenradar.de\/en\/wp-json\/wp\/v2\/pages\/4058\/revisions"}],"predecessor-version":[{"id":4770,"href":"https:\/\/geo-bodenradar.de\/en\/wp-json\/wp\/v2\/pages\/4058\/revisions\/4770"}],"wp:attachment":[{"href":"https:\/\/geo-bodenradar.de\/en\/wp-json\/wp\/v2\/media?parent=4058"}],"curies":[{"name":"wp","href":"https:\/\/api.w.org\/{rel}","templated":true}]}}